{"id":294,"date":"2025-04-12T17:05:18","date_gmt":"2025-04-12T17:05:18","guid":{"rendered":"https:\/\/finquant.hr\/?page_id=294"},"modified":"2025-05-17T18:47:21","modified_gmt":"2025-05-17T18:47:21","slug":"kako-ai-agenti-mijenjaju-esg-izvjestavanje-iskustvo-finquanta","status":"publish","type":"page","link":"https:\/\/finquant.hr\/?page_id=294","title":{"rendered":"Kako AI agenti mijenjaju ESG izvje\u0161tavanje"},"content":{"rendered":"\n<p>U svijetu poslovanja u kojem ESG (Environmental, Social, Governance) dobiva sve vi\u0161e na zna\u010daju, jedno je sigurno: tvrtke se vi\u0161e ne pitaju trebaju li izvje\u0161tavati o ESG-u, nego kako to mogu u\u010dinkovito, kvalitetno i regulatorno uskla\u0111eno napraviti. Upravo u toj tranziciji iz &#8220;moranja&#8221; u &#8220;optimizaciju&#8221; digitalna transformacija dobiva novu dimenziju.<\/p>\n\n\n\n<p>U FinQuantu vjerujemo da umjetna inteligencija, a osobito AI agenti, imaju klju\u010dnu ulogu u olak\u0161avanju i unapre\u0111enju ESG izvje\u0161tavanja.<\/p>\n\n\n\n<p><strong>\u0160to je zapravo AI agent i za\u0161to bi vas to trebalo zanimati?<\/strong><\/p>\n\n\n\n<p>Jednostavnim rje\u010dnikom re\u010deno, AI agent je specijalizirani programski entitet koji zna obavljati konkretan zadatak uz odre\u0111eni stupanj autonomije, ali u interakciji s drugim agentima ili korisnicima. To nije samo chatbot koji odgovara na upite, ve\u0107 sustav koji djeluje u skladu s definiranim ciljevima.<\/p>\n\n\n\n<p>Zamislite ga kao vrlo sposoban digitalni tim: jedan agent \u010dita, drugi sa\u017eima, tre\u0107i analizira prema kriterijima, a \u010detvrti pi\u0161e izvje\u0161taj. Svi komuniciraju me\u0111usobno i pohranjuju rezultate u bazu. I to bez kave, pauza i radnog vremena.<\/p>\n\n\n\n<p><strong>ESG izazovi: puno teksta, malo vremena<\/strong><\/p>\n\n\n\n<p>Podaci za ESG izvje\u0161tavanje nisu strukturirani. Skriveni su u izvje\u0161tajima, pravilnicima, politikama, internoj komunikaciji, pa \u010dak i medijskim objavama. Tradicionalna obrada ovih podataka zahtijeva puno vremena i ljudskih resursa.<\/p>\n\n\n\n<p>U cilju hvatanja u ko\u0161tac s ovim izazovom, testirali smo kako AI agenti mogu pomo\u0107i. Po\u010detna to\u010dka bila je jednostavna, ali pokazala se ujedno i vrlo &#8216;mo\u0107na&#8217;.<\/p>\n\n\n\n<p><strong>ESG tragovi u izvje\u0161tajima<\/strong><\/p>\n\n\n\n<p>Razvili smo sustav koji dohva\u0107a posljednja javno dostupna godi\u0161nja izvje\u0161\u0107a tvrtki. Zatim, analizom teksta, tra\u017eimo spominjanje klju\u010dne rije\u010di &#8220;ESG&#8221;. Ako ju dokument sadr\u017ei, dijelove dokumenta u kojem se ta rije\u010d pojavljuje daje se na obradu na\u0161im AI agentima.<\/p>\n\n\n\n<p><strong>Kako to radimo?<\/strong><\/p>\n\n\n\n<ol>\n<li><strong>Program za tra\u017eenje ESG<\/strong>: pronalazi sve dijelove izvje\u0161taja gdje se spominje ESG.<\/li>\n\n\n\n<li><strong>Agent za sa\u017eimanje<\/strong>: sa\u017eima relevantne ESG dijelove teksta.<\/li>\n\n\n\n<li><strong>Agent za definiranje kriterija<\/strong>.<\/li>\n\n\n\n<li><strong>Tim ocjenjiva\u010da (3 AI agenta)<\/strong>: svaki agent neovisno ocjenjuje ESG prema definiranim kriterijima uz obrazlo\u017eenje svake ocjene.<\/li>\n\n\n\n<li><strong>Baza<\/strong>: svi rezultati i komentari automatski se spremaju u bazu podataka.<\/li>\n<\/ol>\n\n\n\n<p>Ovaj sustav se mo\u017ee unaprijediti i specijalizirati prema konkretnim potrebama pojedine kompanije, industrije ili regulatornih zahtjeva.<\/p>\n\n\n\n<p>Tim ocjenjiva\u010da je mogu\u0107e pove\u0107ati i diverzificirati (npr. koristiti razne modele kao deep seek reasoner, gpt-4o, itd.).<\/p>\n\n\n\n<p>Rezultate spremljene u bazu podataka je mogu\u0107e analizirati i prikazati na razne na\u010dine, jedna od opcija je stvoriti agenta za analizu rezultata.<\/p>\n\n\n\n<p><strong>Za\u0161to je ovo va\u017eno za va\u0161u tvrtku?<\/strong><\/p>\n\n\n\n<ul>\n<li>\u2714 Mo\u017eete vidjeti kako drugi izvje\u0161tavaju o ESG-u i gdje ste u odnosu na njih.<\/li>\n\n\n\n<li>\u2714 Mo\u017eete dobiti strukturiranu povratnu informaciju.<\/li>\n\n\n\n<li>\u2714 Mo\u017eete pobolj\u0161ati svoje ESG izvje\u0161taje i olak\u0161ati njihovu izradu.<\/li>\n<\/ul>\n\n\n\n<p>Ovakvo rje\u0161enje, u duhu timskog igra\u010da kao partner institucijama i zainteresiranim poslovnim subjektima, mo\u017ee doprinijeti standardizaciji, transparentnosti i automatizaciji ESG praksi u Hrvatskoj. Smatramo da stru\u010dna i efikasna rje\u0161enja koja ja\u010daju va\u0161u konkurentsku prednost trebaju nastajati u sinergiji regulatora, gospodarstva, ali i znanosti.<\/p>\n\n\n\n<p>Tako\u0111er, tvrtke koje budu me\u0111u prvima prepoznale potencijal AI agenata za ESG, imat \u0107e prednost: br\u017ee i jeftinije izvje\u0161tavanje, bolju analitiku i uskla\u0111enost te vi\u0161e vremena za strate\u0161ka pitanja.<\/p>\n","protected":false},"excerpt":{"rendered":"<p>U svijetu poslovanja u kojem ESG (Environmental, Social, Governance) dobiva sve vi\u0161e na zna\u010daju, jedno je sigurno: tvrtke se vi\u0161e ne pitaju trebaju li izvje\u0161tavati o ESG-u, nego kako to mogu u\u010dinkovito, kvalitetno i regulatorno uskla\u0111eno napraviti. Upravo u toj tranziciji iz &#8220;moranja&#8221; u &#8220;optimizaciju&#8221; digitalna transformacija dobiva novu dimenziju. U FinQuantu vjerujemo da umjetna [&hellip;]<\/p>\n","protected":false},"author":1,"featured_media":0,"parent":0,"menu_order":0,"comment_status":"closed","ping_status":"closed","template":"","meta":{"site-sidebar-layout":"default","site-content-layout":"","ast-site-content-layout":"default","site-content-style":"default","site-sidebar-style":"default","ast-global-header-display":"","ast-banner-title-visibility":"","ast-main-header-display":"","ast-hfb-above-header-display":"","ast-hfb-below-header-display":"","ast-hfb-mobile-header-display":"","site-post-title":"","ast-breadcrumbs-content":"","ast-featured-img":"","footer-sml-layout":"","theme-transparent-header-meta":"","adv-header-id-meta":"","stick-header-meta":"","header-above-stick-meta":"","header-main-stick-meta":"","header-below-stick-meta":"","astra-migrate-meta-layouts":"set","ast-page-background-enabled":"default","ast-page-background-meta":{"desktop":{"background-color":"var(--ast-global-color-4)","background-image":"","background-repeat":"repeat","background-position":"center center","background-size":"auto","background-attachment":"scroll","background-type":"","background-media":"","overlay-type":"","overlay-color":"","overlay-opacity":"","overlay-gradient":""},"tablet":{"background-color":"","background-image":"","background-repeat":"repeat","background-position":"center center","background-size":"auto","background-attachment":"scroll","background-type":"","background-media":"","overlay-type":"","overlay-color":"","overlay-opacity":"","overlay-gradient":""},"mobile":{"background-color":"","background-image":"","background-repeat":"repeat","background-position":"center center","background-size":"auto","background-attachment":"scroll","background-type":"","background-media":"","overlay-type":"","overlay-color":"","overlay-opacity":"","overlay-gradient":""}},"ast-content-background-meta":{"desktop":{"background-color":"var(--ast-global-color-5)","background-image":"","background-repeat":"repeat","background-position":"center center","background-size":"auto","background-attachment":"scroll","background-type":"","background-media":"","overlay-type":"","overlay-color":"","overlay-opacity":"","overlay-gradient":""},"tablet":{"background-color":"var(--ast-global-color-5)","background-image":"","background-repeat":"repeat","background-position":"center center","background-size":"auto","background-attachment":"scroll","background-type":"","background-media":"","overlay-type":"","overlay-color":"","overlay-opacity":"","overlay-gradient":""},"mobile":{"background-color":"var(--ast-global-color-5)","background-image":"","background-repeat":"repeat","background-position":"center center","background-size":"auto","background-attachment":"scroll","background-type":"","background-media":"","overlay-type":"","overlay-color":"","overlay-opacity":"","overlay-gradient":""}},"footnotes":""},"_links":{"self":[{"href":"https:\/\/finquant.hr\/index.php?rest_route=\/wp\/v2\/pages\/294"}],"collection":[{"href":"https:\/\/finquant.hr\/index.php?rest_route=\/wp\/v2\/pages"}],"about":[{"href":"https:\/\/finquant.hr\/index.php?rest_route=\/wp\/v2\/types\/page"}],"author":[{"embeddable":true,"href":"https:\/\/finquant.hr\/index.php?rest_route=\/wp\/v2\/users\/1"}],"replies":[{"embeddable":true,"href":"https:\/\/finquant.hr\/index.php?rest_route=%2Fwp%2Fv2%2Fcomments&post=294"}],"version-history":[{"count":14,"href":"https:\/\/finquant.hr\/index.php?rest_route=\/wp\/v2\/pages\/294\/revisions"}],"predecessor-version":[{"id":319,"href":"https:\/\/finquant.hr\/index.php?rest_route=\/wp\/v2\/pages\/294\/revisions\/319"}],"wp:attachment":[{"href":"https:\/\/finquant.hr\/index.php?rest_route=%2Fwp%2Fv2%2Fmedia&parent=294"}],"curies":[{"name":"wp","href":"https:\/\/api.w.org\/{rel}","templated":true}]}}